{"id":2662,"date":"2025-12-22T15:40:43","date_gmt":"2025-12-22T14:40:43","guid":{"rendered":"https:\/\/support.gamestrategies.io\/accueil\/"},"modified":"2026-02-25T15:06:20","modified_gmt":"2026-02-25T14:06:20","slug":"home","status":"publish","type":"page","link":"https:\/\/support.gamestrategies.io\/fr\/","title":{"rendered":"Home"},"content":{"rendered":"\t\t<div data-elementor-type=\"wp-page\" data-elementor-id=\"2662\" class=\"elementor elementor-2662 elementor-2\" data-elementor-post-type=\"page\">\n\t\t\t\t<div class=\"elementor-element elementor-element-1bcdc3a6 e-flex e-con-boxed e-con e-parent\" data-id=\"1bcdc3a6\" data-element_type=\"container\" data-e-type=\"container\" data-settings=\"{&quot;background_background&quot;:&quot;classic&quot;}\">\n\t\t\t\t\t<div class=\"e-con-inner\">\n\t\t<div class=\"elementor-element elementor-element-3d92983 e-con-full e-flex e-con e-child\" data-id=\"3d92983\" data-element_type=\"container\" data-e-type=\"container\" data-settings=\"{&quot;background_background&quot;:&quot;classic&quot;}\">\n\t\t\t\t<div class=\"elementor-element elementor-element-9925f7c elementor-widget elementor-widget-heading\" data-id=\"9925f7c\" data-element_type=\"widget\" data-e-type=\"widget\" data-widget_type=\"heading.default\">\n\t\t\t\t\t<h2 class=\"elementor-heading-title elementor-size-default\">Recherche de solutions<\/h2>\t\t\t\t<\/div>\n\t\t\t\t<div class=\"elementor-element elementor-element-76f9f0c elementor-widget__width-inherit elementor-widget elementor-widget-betterdocs-search-form\" data-id=\"76f9f0c\" data-element_type=\"widget\" data-e-type=\"widget\" data-widget_type=\"betterdocs-search-form.default\">\n\t\t\t\t\t<div class=\"betterdocs-search-form-widget-wrapper\"><div class=\"betterdocs-search-modal-sidebar\" id=\"betterdocs-search-modal\" data-placeholder=\"Recherche\" data-numberofdocs=\"5\" data-numberoffaqs=\"5\" data-enable_docs_search=\"1\"><\/div><\/div>\t\t\t\t<\/div>\n\t\t\t\t<\/div>\n\t\t\t\t\t<\/div>\n\t\t\t\t<\/div>\n\t\t<div class=\"elementor-element elementor-element-bac9d17 e-flex e-con-boxed e-con e-parent\" data-id=\"bac9d17\" data-element_type=\"container\" data-e-type=\"container\" data-settings=\"{&quot;background_background&quot;:&quot;classic&quot;}\">\n\t\t\t\t\t<div class=\"e-con-inner\">\n\t\t<div class=\"elementor-element elementor-element-afee641 e-con-full e-flex e-con e-child\" data-id=\"afee641\" data-element_type=\"container\" data-e-type=\"container\">\n\t\t\t\t<div class=\"elementor-element elementor-element-da716c0 ekit-equal-height-disable elementor-widget elementor-widget-elementskit-icon-box\" data-id=\"da716c0\" data-element_type=\"widget\" data-e-type=\"widget\" data-widget_type=\"elementskit-icon-box.default\">\n\t\t\t\t\t<div class=\"ekit-wid-con\" >        <!-- link opening -->\n                <a href=\"https:\/\/support.gamestrategies.io\/fr\/docs-category\/jeux\/\" class=\"ekit_global_links\">\n                <!-- end link opening -->\n\n        <div class=\"elementskit-infobox text-center text- icon-top-align elementor-animation-   \">\n                            <div class=\"elementskit-box-header\">\n                <div class=\"elementskit-info-box-icon \">\n                    <img fetchpriority=\"high\" decoding=\"async\" width=\"1592\" height=\"896\" src=\"https:\/\/support.gamestrategies.io\/wp-content\/uploads\/2026\/01\/28-a.png\" class=\"attachment- size-\" alt=\"\" srcset=\"https:\/\/support.gamestrategies.io\/wp-content\/uploads\/2026\/01\/28-a.png 1592w, https:\/\/support.gamestrategies.io\/wp-content\/uploads\/2026\/01\/28-a-300x169.png 300w, https:\/\/support.gamestrategies.io\/wp-content\/uploads\/2026\/01\/28-a-1024x576.png 1024w, https:\/\/support.gamestrategies.io\/wp-content\/uploads\/2026\/01\/28-a-768x432.png 768w, https:\/\/support.gamestrategies.io\/wp-content\/uploads\/2026\/01\/28-a-1536x864.png 1536w\" sizes=\"(max-width: 1592px) 100vw, 1592px\" \/>                <\/div>\n          <\/div>\n                <div class=\"box-body\">\n                            <h3 class=\"elementskit-info-box-title\">\n                    Jeux                <\/h3>\n                        \t\t  \t<p>Guides pour jouer et progresser dans vos jeux s\u00e9rieux. R\u00e9pondez \u00e0 vos questions, astuces pour les missions et maximisez votre apprentissage.<\/p>\n                                <\/div>\n        \n        \n                <\/div>\n                <\/a>\n        <\/div>\t\t\t\t<\/div>\n\t\t\t\t<\/div>\n\t\t<div class=\"elementor-element elementor-element-2d9e06d e-con-full e-flex e-con e-child\" data-id=\"2d9e06d\" data-element_type=\"container\" data-e-type=\"container\">\n\t\t\t\t<div class=\"elementor-element elementor-element-a5e189e ekit-equal-height-disable elementor-widget elementor-widget-elementskit-icon-box\" data-id=\"a5e189e\" data-element_type=\"widget\" data-e-type=\"widget\" data-widget_type=\"elementskit-icon-box.default\">\n\t\t\t\t\t<div class=\"ekit-wid-con\" >        <!-- link opening -->\n                <a href=\"https:\/\/support.gamestrategies.io\/fr\/docs-category\/campus\/\" class=\"ekit_global_links\">\n                <!-- end link opening -->\n\n        <div class=\"elementskit-infobox text-center text- icon-top-align elementor-animation-   \">\n                            <div class=\"elementskit-box-header\">\n                <div class=\"elementskit-info-box-icon \">\n                    <img decoding=\"async\" width=\"1820\" height=\"1024\" src=\"https:\/\/support.gamestrategies.io\/wp-content\/uploads\/2026\/01\/envato-labs-image-edit-2026-01-22T142459.384.png\" class=\"attachment- size-\" alt=\"\" srcset=\"https:\/\/support.gamestrategies.io\/wp-content\/uploads\/2026\/01\/envato-labs-image-edit-2026-01-22T142459.384.png 1820w, https:\/\/support.gamestrategies.io\/wp-content\/uploads\/2026\/01\/envato-labs-image-edit-2026-01-22T142459.384-300x169.png 300w, https:\/\/support.gamestrategies.io\/wp-content\/uploads\/2026\/01\/envato-labs-image-edit-2026-01-22T142459.384-1024x576.png 1024w, https:\/\/support.gamestrategies.io\/wp-content\/uploads\/2026\/01\/envato-labs-image-edit-2026-01-22T142459.384-768x432.png 768w, https:\/\/support.gamestrategies.io\/wp-content\/uploads\/2026\/01\/envato-labs-image-edit-2026-01-22T142459.384-1536x864.png 1536w\" sizes=\"(max-width: 1820px) 100vw, 1820px\" \/>                <\/div>\n          <\/div>\n                <div class=\"box-body\">\n                            <h3 class=\"elementskit-info-box-title\">\n                    Campus                <\/h3>\n                        \t\t  \t<p>Aide sur le campus : acc\u00e9dez aux cours, g\u00e9rez votre progression et r\u00e9solvez les probl\u00e8mes dans votre biblioth\u00e8que de jeux vid\u00e9o.<\/p>\n                                <\/div>\n        \n        \n                <\/div>\n                <\/a>\n        <\/div>\t\t\t\t<\/div>\n\t\t\t\t<\/div>\n\t\t<div class=\"elementor-element elementor-element-3067afd e-con-full e-flex e-con e-child\" data-id=\"3067afd\" data-element_type=\"container\" data-e-type=\"container\">\n\t\t\t\t<div class=\"elementor-element elementor-element-ac1d8c8 ekit-equal-height-disable elementor-widget elementor-widget-elementskit-icon-box\" data-id=\"ac1d8c8\" data-element_type=\"widget\" data-e-type=\"widget\" data-widget_type=\"elementskit-icon-box.default\">\n\t\t\t\t\t<div class=\"ekit-wid-con\" >        <!-- link opening -->\n                <a href=\"https:\/\/support.gamestrategies.io\/fr\/docs-category\/roleplay\/\" class=\"ekit_global_links\">\n                <!-- end link opening -->\n\n        <div class=\"elementskit-infobox text-center text- icon-top-align elementor-animation-   \">\n                            <div class=\"elementskit-box-header\">\n                <div class=\"elementskit-info-box-icon \">\n                    <img decoding=\"async\" width=\"2560\" height=\"1463\" src=\"https:\/\/support.gamestrategies.io\/wp-content\/uploads\/2026\/01\/envato-labs-image-edit-2026-01-22T140857.296-scaled.png\" class=\"attachment- size-\" alt=\"\" srcset=\"https:\/\/support.gamestrategies.io\/wp-content\/uploads\/2026\/01\/envato-labs-image-edit-2026-01-22T140857.296-scaled.png 2560w, https:\/\/support.gamestrategies.io\/wp-content\/uploads\/2026\/01\/envato-labs-image-edit-2026-01-22T140857.296-300x171.png 300w, https:\/\/support.gamestrategies.io\/wp-content\/uploads\/2026\/01\/envato-labs-image-edit-2026-01-22T140857.296-1024x585.png 1024w, https:\/\/support.gamestrategies.io\/wp-content\/uploads\/2026\/01\/envato-labs-image-edit-2026-01-22T140857.296-768x439.png 768w, https:\/\/support.gamestrategies.io\/wp-content\/uploads\/2026\/01\/envato-labs-image-edit-2026-01-22T140857.296-1536x878.png 1536w, https:\/\/support.gamestrategies.io\/wp-content\/uploads\/2026\/01\/envato-labs-image-edit-2026-01-22T140857.296-2048x1170.png 2048w\" sizes=\"(max-width: 2560px) 100vw, 2560px\" \/>                <\/div>\n          <\/div>\n                <div class=\"box-body\">\n                            <h3 class=\"elementskit-info-box-title\">\n                    AI Role Play                <\/h3>\n                        \t\t  \t<p>Support pour les jeux de r\u00f4le avec IA : entra\u00eenez-vous \u00e0 la vente, obtenez un retour imm\u00e9diat et am\u00e9liorez vos comp\u00e9tences conversationnelles.<\/p>\n                                <\/div>\n        \n        \n                <\/div>\n                <\/a>\n        <\/div>\t\t\t\t<\/div>\n\t\t\t\t<\/div>\n\t\t\t\t\t<\/div>\n\t\t\t\t<\/div>\n\t\t<div class=\"elementor-element elementor-element-f01b09b e-flex e-con-boxed e-con e-parent\" data-id=\"f01b09b\" data-element_type=\"container\" data-e-type=\"container\">\n\t\t\t\t\t<div class=\"e-con-inner\">\n\t\t<div class=\"elementor-element elementor-element-769cdec e-con-full e-flex e-con e-child\" data-id=\"769cdec\" data-element_type=\"container\" data-e-type=\"container\">\n\t\t\t\t<div class=\"elementor-element elementor-element-694cc7c elementor-widget elementor-widget-heading\" data-id=\"694cc7c\" data-element_type=\"widget\" data-e-type=\"widget\" data-widget_type=\"heading.default\">\n\t\t\t\t\t<h2 class=\"elementor-heading-title elementor-size-default\">Besoin d\u2019aide personnalis\u00e9e ?<\/h2>\t\t\t\t<\/div>\n\t\t\t\t<div class=\"elementor-element elementor-element-2b7dd92 elementor-widget elementor-widget-text-editor\" data-id=\"2b7dd92\" data-element_type=\"widget\" data-e-type=\"widget\" data-widget_type=\"text-editor.default\">\n\t\t\t\t\t\t\t\t\t<p>Si vous n\u2019avez pas trouv\u00e9 la solution dans notre base de connaissances, notre \u00e9quipe d\u2019assistance est pr\u00eate \u00e0 vous aider. Remplissez le formulaire ci-dessous en indiquant les d\u00e9tails de votre question ou de votre probl\u00e8me. Nous vous r\u00e9pondrons dans les plus brefs d\u00e9lais afin de le r\u00e9soudre de mani\u00e8re personnalis\u00e9e et efficace. Votre r\u00e9ussite dans le jeu est notre priorit\u00e9.<\/p>\t\t\t\t\t\t\t\t<\/div>\n\t\t\t\t<div class=\"elementor-element elementor-element-9db729a elementor-view-default elementor-widget elementor-widget-icon\" data-id=\"9db729a\" data-element_type=\"widget\" data-e-type=\"widget\" data-widget_type=\"icon.default\">\n\t\t\t\t\t\t\t<div class=\"elementor-icon-wrapper\">\n\t\t\t<div class=\"elementor-icon\">\n\t\t\t<svg class=\"ekit-svg-icon icon-down-arrow1\" viewBox=\"0 0 32 32\" xmlns=\"http:\/\/www.w3.org\/2000\/svg\"><path d=\"M31.582 8.495c-0.578-0.613-1.544-0.635-2.153-0.059l-13.43 12.723-13.428-12.723c-0.61-0.578-1.574-0.553-2.153 0.059-0.579 0.611-0.553 1.576 0.058 2.155l14.477 13.715c0.293 0.277 0.67 0.418 1.047 0.418s0.756-0.14 1.048-0.418l14.477-13.715c0.611-0.579 0.637-1.544 0.058-2.155z\"><\/path><\/svg>\t\t\t<\/div>\n\t\t<\/div>\n\t\t\t\t\t\t<\/div>\n\t\t\t\t<\/div>\n\t\t<div class=\"elementor-element elementor-element-9662d1a e-con-full e-flex e-con e-child\" data-id=\"9662d1a\" data-element_type=\"container\" data-e-type=\"container\">\n\t\t\t\t<div class=\"elementor-element elementor-element-67a69b4 elementor-widget elementor-widget-image\" data-id=\"67a69b4\" data-element_type=\"widget\" data-e-type=\"widget\" data-widget_type=\"image.default\">\n\t\t\t\t\t\t\t\t\t\t\t\t\t\t\t<img loading=\"lazy\" decoding=\"async\" width=\"490\" height=\"368\" src=\"https:\/\/support.gamestrategies.io\/wp-content\/uploads\/2026\/01\/support.jpg\" class=\"attachment-large size-large wp-image-2173\" alt=\"\" srcset=\"https:\/\/support.gamestrategies.io\/wp-content\/uploads\/2026\/01\/support.jpg 490w, https:\/\/support.gamestrategies.io\/wp-content\/uploads\/2026\/01\/support-300x225.jpg 300w\" sizes=\"(max-width: 490px) 100vw, 490px\" \/>\t\t\t\t\t\t\t\t\t\t\t\t\t\t\t<\/div>\n\t\t\t\t<\/div>\n\t\t\t\t\t<\/div>\n\t\t\t\t<\/div>\n\t\t<div class=\"elementor-element elementor-element-4ba72ac e-flex e-con-boxed e-con e-parent\" data-id=\"4ba72ac\" data-element_type=\"container\" data-e-type=\"container\">\n\t\t\t\t\t<div class=\"e-con-inner\">\n\t\t<div class=\"elementor-element elementor-element-61bb472 e-con-full e-flex e-con e-child\" data-id=\"61bb472\" data-element_type=\"container\" data-e-type=\"container\" id=\"form\">\n\t\t\t\t<div class=\"elementor-element elementor-element-22fa9ff elementor-widget__width-inherit elementor-widget elementor-widget-html\" data-id=\"22fa9ff\" data-element_type=\"widget\" data-e-type=\"widget\" data-widget_type=\"html.default\">\n\t\t\t\t\t<div id=\"zf_div_9vxobPxcmQ04ozUHJ_uE0wlBs8WId_TVbna5r03nUBQ\">\n<\/div>\n<script type=\"text\/javascript\">\n(function() {\n\ttry{\n\t\tvar f = document.createElement(\"iframe\");\n\t\t\n\t\t\tvar ifrmSrc = 'https:\/\/forms.zohopublic.com\/gamestrategies1\/form\/ContactCustomerSupport\/formperma\/9vxobPxcmQ04ozUHJ_uE0wlBs8WId_TVbna5r03nUBQ?zf_lang=fr&zf_rszfm=1';\n\t\t\n\t\t\n        try{\n\t\t\tif ( typeof ZFAdvLead != \"undefined\" && typeof zfutm_zfAdvLead != \"undefined\" ) {\n\t\t\t\tfor( var prmIdx = 0 ; prmIdx < ZFAdvLead.utmPNameArr.length ; prmIdx ++ ) {\n\t\t\t\t    var utmPm = ZFAdvLead.utmPNameArr[ prmIdx ];\n\t\t\t\t    utmPm = ( ZFAdvLead.isSameDomian && ( ZFAdvLead.utmcustPNameArr.indexOf(utmPm) == -1 ) ) ? \"zf_\" + utmPm : utmPm;\n\t\t\t\t    var utmVal = zfutm_zfAdvLead.zfautm_gC_enc( ZFAdvLead.utmPNameArr[ prmIdx ] );\n\t\t\t\t    if ( typeof utmVal !== \"undefined\" ) {\n\t\t\t\t      if ( utmVal != \"\" ) {\n\t\t\t\t        if(ifrmSrc.indexOf('?') > 0){\n\t\t\t\t             ifrmSrc = ifrmSrc+'&'+utmPm+'='+utmVal;\n\t\t\t\t        }else{\n\t\t\t\t            ifrmSrc = ifrmSrc+'?'+utmPm+'='+utmVal;\n\t\t\t\t        }\n\t\t\t\t      }\n\t\t\t\t    }\n\t\t\t\t}\n\t\t\t}\n\t\t\tif ( typeof ZFLead !== \"undefined\" && typeof zfutm_zfLead !== \"undefined\" ) {\n\t\t\t\tfor( var prmIdx = 0 ; prmIdx < ZFLead.utmPNameArr.length ; prmIdx ++ ) {\n\t\t        \tvar utmPm = ZFLead.utmPNameArr[ prmIdx ];\n\t\t        \tvar utmVal = zfutm_zfLead.zfutm_gC_enc( ZFLead.utmPNameArr[ prmIdx ] );\n\t\t\t        if ( typeof utmVal !== \"undefined\" ) {\n\t\t\t          if ( utmVal != \"\" ){\n\t\t\t            if(ifrmSrc.indexOf('?') > 0){\n\t\t\t              ifrmSrc = ifrmSrc+'&'+utmPm+'='+utmVal;\/\/No I18N\n\t\t\t            }else{\n\t\t\t              ifrmSrc = ifrmSrc+'?'+utmPm+'='+utmVal;\/\/No I18N\n\t\t\t            }\n\t\t\t          }\n\t\t\t        }\n\t\t      \t}\n\t\t\t}\n\t\t}catch(e){}\n\t\t\n\t\tf.src = ifrmSrc;\n\t\tf.style.border=\"none\";\n\t\tf.style.height=\"1310px\";\n\t\tf.style.width=\"100%\";\n\t\tf.style.transition=\"all 0.5s ease\";\n\t\tf.setAttribute(\"aria-label\", 'Contact Customer Support');\n\t\t\n\t\tvar d = document.getElementById(\"zf_div_9vxobPxcmQ04ozUHJ_uE0wlBs8WId_TVbna5r03nUBQ\");\n\t\td.appendChild(f);\n\t\twindow.addEventListener('message', function (){\n\t\t\tvar evntData = event.data;\n\t\t\tif( evntData && evntData.constructor == String ){\n\t\t\t\tvar zf_ifrm_data = evntData.split(\"|\");\n\t\t\t\tif ( zf_ifrm_data.length == 2 || zf_ifrm_data.length == 3 ) {\n\t\t\t\t\tvar zf_perma = zf_ifrm_data[0];\n\t\t\t\t\tvar zf_ifrm_ht_nw = ( parseInt(zf_ifrm_data[1], 10) + 15 ) + \"px\";\n\t\t\t\t\tvar iframe = document.getElementById(\"zf_div_9vxobPxcmQ04ozUHJ_uE0wlBs8WId_TVbna5r03nUBQ\").getElementsByTagName(\"iframe\")[0];\n\t\t\t\t\tif ( (iframe.src).indexOf('formperma') > 0 && (iframe.src).indexOf(zf_perma) > 0 ) {\n\t\t\t\t\t\tvar prevIframeHeight = iframe.style.height;\n\t\t\t\t\t\tvar zf_tout = false;\n\t\t\t\t\t\tif( zf_ifrm_data.length == 3 ) {\n\t\t\t\t\t\t    iframe.scrollIntoView();\n\t\t\t\t\t\t    zf_tout = true;\n\t\t\t\t\t\t}\n\n\t\t\t\t\t\tif ( prevIframeHeight != zf_ifrm_ht_nw ) {\n\t\t\t\t\t\t\tif( zf_tout ) {\n\t\t\t\t\t\t\t    setTimeout(function(){\n\t\t\t\t\t\t\t        iframe.style.height = zf_ifrm_ht_nw;\n\t\t\t\t\t\t\t    },500);\n\t\t\t\t\t\t\t} else {\n\t\t\t\t\t\t\t    iframe.style.height = zf_ifrm_ht_nw;\n\t\t\t\t\t\t\t}\n\t\t\t\t\t\t}\n\t\t\t\t\t}\n\t\t\t\t}\n\t\t\t}\n\t\t}, false);\n    }catch(e){}\n})();\n<\/script>\t\t\n\n\n\n\n\t\t\t\t<\/div>\n\t\t\t\t<\/div>\n\t\t\t\t\t<\/div>\n\t\t\t\t<\/div>\n\t\t\t\t<\/div>\n\t\t","protected":false},"excerpt":{"rendered":"<p>Recherche de solutions Jeux Guides pour jouer et progresser dans vos jeux s\u00e9rieux. R\u00e9pondez \u00e0 vos questions, astuces pour les missions et maximisez votre apprentissage. Campus Aide sur le campus : acc\u00e9dez aux cours, g\u00e9rez votre progression et r\u00e9solvez les probl\u00e8mes dans votre biblioth\u00e8que de jeux vid\u00e9o. AI Role Play Support pour les jeux de [&hellip;]<\/p>\n","protected":false},"author":1,"featured_media":0,"parent":0,"menu_order":0,"comment_status":"closed","ping_status":"closed","template":"","meta":{"footnotes":""},"class_list":["post-2662","page","type-page","status-publish","hentry"],"_links":{"self":[{"href":"https:\/\/support.gamestrategies.io\/fr\/wp-json\/wp\/v2\/pages\/2662","targetHints":{"allow":["GET"]}}],"collection":[{"href":"https:\/\/support.gamestrategies.io\/fr\/wp-json\/wp\/v2\/pages"}],"about":[{"href":"https:\/\/support.gamestrategies.io\/fr\/wp-json\/wp\/v2\/types\/page"}],"author":[{"embeddable":true,"href":"https:\/\/support.gamestrategies.io\/fr\/wp-json\/wp\/v2\/users\/1"}],"replies":[{"embeddable":true,"href":"https:\/\/support.gamestrategies.io\/fr\/wp-json\/wp\/v2\/comments?post=2662"}],"version-history":[{"count":47,"href":"https:\/\/support.gamestrategies.io\/fr\/wp-json\/wp\/v2\/pages\/2662\/revisions"}],"predecessor-version":[{"id":3938,"href":"https:\/\/support.gamestrategies.io\/fr\/wp-json\/wp\/v2\/pages\/2662\/revisions\/3938"}],"wp:attachment":[{"href":"https:\/\/support.gamestrategies.io\/fr\/wp-json\/wp\/v2\/media?parent=2662"}],"curies":[{"name":"wp","href":"https:\/\/api.w.org\/{rel}","templated":true}]}}